{"id":3,"date":"2026-01-27T10:04:42","date_gmt":"2026-01-27T10:04:42","guid":{"rendered":"https:\/\/sloephurenroermond.nl\/?page_id=3"},"modified":"2026-03-19T08:59:23","modified_gmt":"2026-03-19T08:59:23","slug":"datenschutzrichtlinie","status":"publish","type":"page","link":"https:\/\/sloephurenroermond.nl\/de\/privacy-policy\/","title":{"rendered":"Datenschutzbestimmungen"},"content":{"rendered":"<div data-elementor-type=\"wp-page\" data-elementor-id=\"3\" class=\"elementor elementor-3\" data-elementor-post-type=\"page\">\n\t\t\t\t<div class=\"elementor-element elementor-element-8bb498e e-flex e-con-boxed e-con e-parent\" data-id=\"8bb498e\" data-element_type=\"container\" data-e-type=\"container\" data-settings=\"{&quot;background_background&quot;:&quot;classic&quot;,&quot;shape_divider_bottom&quot;:&quot;triangle&quot;}\">\n\t\t\t\t\t<div class=\"e-con-inner\">\n\t\t\t\t<div class=\"elementor-shape elementor-shape-bottom\" aria-hidden=\"true\" data-negative=\"false\">\n\t\t\t<svg xmlns=\"http:\/\/www.w3.org\/2000\/svg\" viewbox=\"0 0 1000 100\" preserveaspectratio=\"none\">\n\t<path class=\"elementor-shape-fill\" d=\"M500,98.9L0,6.1V0h1000v6.1L500,98.9z\"\/>\n<\/svg>\t\t<\/div>\n\t\t\t\t\t<\/div>\n\t\t\t\t<\/div>\n\t\t<div class=\"elementor-element elementor-element-e94ce9b e-flex e-con-boxed e-con e-parent\" data-id=\"e94ce9b\" data-element_type=\"container\" data-e-type=\"container\">\n\t\t\t\t\t<div class=\"e-con-inner\">\n\t\t\t\t<div class=\"elementor-element elementor-element-44a75e4 elementor-widget elementor-widget-text-editor\" data-id=\"44a75e4\" data-element_type=\"widget\" data-e-type=\"widget\" data-widget_type=\"text-editor.default\">\n\t\t\t\t\t\t\t\t\t<p class=\"p1\">Letzte Aktualisierung: 19-03-2026<\/p><p class=\"p1\">Bei Sloep Huren Roermond (erreichbar \u00fcber sloephurenroermond.nl) sch\u00e4tzen wir Ihre Privatsph\u00e4re. In dieser Datenschutzerkl\u00e4rung wird beschrieben, welche Arten von personenbezogenen Daten gesammelt werden, wie sie verwendet werden und welche Ma\u00dfnahmen wir zum Schutz dieser Daten ergreifen. Durch die Nutzung unserer Website erkl\u00e4ren Sie sich mit den Bedingungen dieser Datenschutzrichtlinie einverstanden.<\/p><ol start=\"1\"><li><p class=\"p1\">Daten, die wir sammeln<\/p><\/li><\/ol><p class=\"p1\">Wir sammeln verschiedene Arten von Informationen f\u00fcr verschiedene Zwecke, darunter:<\/p><p class=\"p1\">- Pers\u00f6nliche Identifikationsdaten: Dazu k\u00f6nnen Ihr Name, Ihre E-Mail-Adresse, Ihre Telefonnummer und andere Daten geh\u00f6ren, die Sie uns beim Ausf\u00fcllen von Formularen auf unserer Website direkt mitteilen.<\/p><p class=\"p1\">- Nutzungsdaten: Wir erfassen automatisch Informationen dar\u00fcber, wie Sie unsere Website nutzen, einschlie\u00dflich Ihrer IP-Adresse, des Browsertyps, der besuchten Seiten sowie Datum und Uhrzeit Ihres Besuchs.<\/p><p class=\"p1\">- Cookies und Tracking-Technologien: Unsere Website kann Cookies und \u00e4hnliche Technologien verwenden, um Informationen \u00fcber Ihr Surfverhalten und Ihre Pr\u00e4ferenzen zu sammeln.<\/p><ol start=\"2\"><li><p class=\"p1\">Wie wir Ihre Daten verwenden<\/p><\/li><\/ol><p class=\"p1\">Sloep Huren Roermond verwendet die gesammelten Daten f\u00fcr die folgenden Zwecke:<\/p><p class=\"p1\">- Zur Bereitstellung, Verwaltung und Pflege unserer Website<\/p><p class=\"p1\">- Um Ihr Erlebnis zu verbessern und zu personalisieren<\/p><p class=\"p1\">- Zur Beantwortung von Anfragen oder zur Bearbeitung von Serviceanfragen<\/p><p class=\"p1\">- F\u00fcr interne Analysen und Berichte<\/p><p class=\"p1\">- Um mit Ihnen zu kommunizieren, einschlie\u00dflich Marketing- und Werbebotschaften (mit Ihrer Zustimmung)<\/p><p class=\"p1\">- Zur Erf\u00fcllung rechtlicher Verpflichtungen und zur Durchsetzung unserer Bedingungen und Konditionen<\/p><ol start=\"3\"><li><p class=\"p1\">Cookies und Tracking-Technologien<\/p><\/li><\/ol><p class=\"p1\">Cookies helfen uns, die Benutzerfreundlichkeit zu verbessern, indem sie sich Ihre Pr\u00e4ferenzen merken und Ihre Interaktion mit der Website verfolgen. Sie k\u00f6nnen Ihren Browser so einstellen, dass er Cookies ablehnt, aber einige Funktionen der Website funktionieren m\u00f6glicherweise nicht richtig ohne sie.<\/p><ol start=\"4\"><li><p class=\"p1\">Wie wir Ihre Daten weitergeben<\/p><\/li><\/ol><p class=\"p1\">Wir verkaufen oder vermieten Ihre pers\u00f6nlichen Daten nicht. Wir d\u00fcrfen sie nur weitergeben:<\/p><p class=\"p1\">- Mit Dienstleistern: Zur Erbringung von Dienstleistungen in unserem Auftrag, wie z. B. Zahlungsabwicklung, Website-Hosting und Analysen.<\/p><p class=\"p1\">- F\u00fcr rechtliche Zwecke: Wenn dies gesetzlich vorgeschrieben ist, durch einen Gerichtsbeschluss oder eine Regierungsbeh\u00f6rde, oder zum Schutz unserer Rechte und der Sicherheit unserer Nutzer.<\/p><ol start=\"5\"><li><p class=\"p1\">Sicherheit der Daten<\/p><\/li><\/ol><p class=\"p1\">Wir ergreifen geeignete Sicherheitsma\u00dfnahmen, um Ihre Daten zu sch\u00fctzen. Allerdings ist keine Methode der elektronischen \u00dcbertragung oder Speicherung 100% sicher. Obwohl wir alle Anstrengungen unternehmen, um Ihre pers\u00f6nlichen Daten zu sch\u00fctzen, k\u00f6nnen wir keine absolute Sicherheit garantieren.<\/p><ol start=\"6\"><li><p class=\"p1\">Ihre Rechte in Bezug auf den Datenschutz<\/p><\/li><\/ol><p class=\"p1\">Nach geltendem Recht haben Sie m\u00f6glicherweise das Recht auf:<\/p><p class=\"p1\">- Zugang zu Ihren pers\u00f6nlichen Daten<\/p><p class=\"p1\">- Antrag auf Berichtigung oder L\u00f6schung Ihrer personenbezogenen Daten<\/p><p class=\"p1\">- Widerspruch gegen die Verarbeitung Ihrer Daten<\/p><p class=\"p1\">- Antrag auf Einschr\u00e4nkung der Datenverarbeitung<\/p><p class=\"p1\">Um diese Rechte auszu\u00fcben, wenden Sie sich bitte an info@sloephurenroermond.nl.<\/p><ol start=\"7\"><li><p class=\"p1\">Die Privatsph\u00e4re von Kindern<\/p><\/li><\/ol><p class=\"p1\">Unsere Website richtet sich nicht an Personen unter 16 Jahren. Wir sammeln nicht wissentlich personenbezogene Daten von Kindern unter 16 Jahren.<\/p><ol start=\"8\"><li><p class=\"p1\">\u00c4nderungen an dieser Datenschutzrichtlinie<\/p><\/li><\/ol><p class=\"p1\">Wir k\u00f6nnen diese Datenschutzrichtlinie von Zeit zu Zeit aktualisieren. Die aktualisierte Version wird auf dieser Seite mit dem Datum des Inkrafttretens ver\u00f6ffentlicht. Wir empfehlen Ihnen, diese Seite regelm\u00e4\u00dfig zu besuchen, um sich \u00fcber etwaige \u00c4nderungen zu informieren.<\/p><ol start=\"9\"><li><p class=\"p1\">Kontakt<\/p><\/li><\/ol><p class=\"p1\">Wenn Sie Fragen oder Anmerkungen zu dieser Datenschutzrichtlinie haben, wenden Sie sich bitte an uns:<\/p><p class=\"p1\"><strong>Schaluppenvermietung Roermond<\/strong><\/p><p class=\"p1\">E-Mail: info@sloephurenroermond.nl<\/p>\t\t\t\t\t\t\t\t<\/div>\n\t\t\t\t\t<\/div>\n\t\t\t\t<\/div>\n\t\t\t\t<\/div>","protected":false},"excerpt":{"rendered":"<p>Laatst bijgewerkt: 19-03-2026 Bij Sloep Huren Roermond (toegankelijk via sloephurenroermond.nl) hechten wij veel waarde aan uw privacy. Dit privacybeleid beschrijft welke soorten persoonsgegevens worden verzameld, hoe deze worden gebruikt en welke maatregelen wij nemen om deze te beschermen. Door gebruik te maken van onze website gaat u akkoord met de voorwaarden van dit privacybeleid. Gegevens [&hellip;]<\/p>\n","protected":false},"author":1,"featured_media":0,"parent":0,"menu_order":0,"comment_status":"closed","ping_status":"closed","template":"","meta":{"_acf_changed":false,"footnotes":""},"class_list":["post-3","page","type-page","status-publish","hentry"],"acf":[],"_links":{"self":[{"href":"https:\/\/sloephurenroermond.nl\/de\/wp-json\/wp\/v2\/pages\/3","targetHints":{"allow":["GET"]}}],"collection":[{"href":"https:\/\/sloephurenroermond.nl\/de\/wp-json\/wp\/v2\/pages"}],"about":[{"href":"https:\/\/sloephurenroermond.nl\/de\/wp-json\/wp\/v2\/types\/page"}],"author":[{"embeddable":true,"href":"https:\/\/sloephurenroermond.nl\/de\/wp-json\/wp\/v2\/users\/1"}],"replies":[{"embeddable":true,"href":"https:\/\/sloephurenroermond.nl\/de\/wp-json\/wp\/v2\/comments?post=3"}],"version-history":[{"count":13,"href":"https:\/\/sloephurenroermond.nl\/de\/wp-json\/wp\/v2\/pages\/3\/revisions"}],"predecessor-version":[{"id":248,"href":"https:\/\/sloephurenroermond.nl\/de\/wp-json\/wp\/v2\/pages\/3\/revisions\/248"}],"wp:attachment":[{"href":"https:\/\/sloephurenroermond.nl\/de\/wp-json\/wp\/v2\/media?parent=3"}],"curies":[{"name":"wp","href":"https:\/\/api.w.org\/{rel}","templated":true}]}}