{"id":130,"date":"2026-02-17T15:14:37","date_gmt":"2026-02-17T15:14:37","guid":{"rendered":"https:\/\/sloephurenroermond.nl\/?page_id=130"},"modified":"2026-02-17T15:43:40","modified_gmt":"2026-02-17T15:43:40","slug":"allgemeine-geschaftsbedingungen","status":"publish","type":"page","link":"https:\/\/sloephurenroermond.nl\/de\/algemene-voorwaarden\/","title":{"rendered":"Allgemeine Bedingungen und Konditionen"},"content":{"rendered":"<div data-elementor-type=\"wp-page\" data-elementor-id=\"130\" class=\"elementor elementor-130\" data-elementor-post-type=\"page\">\n\t\t\t\t<div class=\"elementor-element elementor-element-46008eb e-flex e-con-boxed e-con e-parent\" data-id=\"46008eb\" data-element_type=\"container\" data-e-type=\"container\" data-settings=\"{&quot;background_background&quot;:&quot;classic&quot;,&quot;shape_divider_bottom&quot;:&quot;triangle&quot;}\">\n\t\t\t\t\t<div class=\"e-con-inner\">\n\t\t\t\t<div class=\"elementor-shape elementor-shape-bottom\" aria-hidden=\"true\" data-negative=\"false\">\n\t\t\t<svg xmlns=\"http:\/\/www.w3.org\/2000\/svg\" viewbox=\"0 0 1000 100\" preserveaspectratio=\"none\">\n\t<path class=\"elementor-shape-fill\" d=\"M500,98.9L0,6.1V0h1000v6.1L500,98.9z\"\/>\n<\/svg>\t\t<\/div>\n\t\t\t\t\t<\/div>\n\t\t\t\t<\/div>\n\t\t<div class=\"elementor-element elementor-element-d120dbf e-flex e-con-boxed e-con e-parent\" data-id=\"d120dbf\" data-element_type=\"container\" data-e-type=\"container\">\n\t\t\t\t\t<div class=\"e-con-inner\">\n\t\t\t\t<div class=\"elementor-element elementor-element-bbfbfb8 elementor-widget elementor-widget-text-editor\" data-id=\"bbfbfb8\" data-element_type=\"widget\" data-e-type=\"widget\" data-widget_type=\"text-editor.default\">\n\t\t\t\t\t\t\t\t\t<p><b>Artikel 1 Definitionen von Begriffen<\/b><\/p><p>1.1<span class=\"Apple-converted-space\">\u00a0\u00a0<\/span>Unternehmer: nat\u00fcrliche oder juristische Person Sloep Huren Roermond, eingetragen bei der Handelskammer unter der Nummer: 12064064<\/p><p>1.2 Wer einen Vertrag \u00fcber die entgeltliche \u00dcberlassung eines Schiffes abschlie\u00dft.<\/p><p>1.3 Verbraucher: nat\u00fcrliche Person (mindestens 21 Jahre alt), die nicht in Aus\u00fcbung eines Berufes oder Gewerbes handelt und die einen Vertrag \u00fcber die Nutzung eines Schiffes gegen Entgelt abschlie\u00dft.<\/p><p>1.4 Gesch\u00e4ftskunde: jede nat\u00fcrliche und\/oder juristische Person, die bei der Europ\u00e4ischen Kommission registriert ist.<\/p><p>Handelsregister der Handelskammer oder einem anderen Handelsregister eingetragen ist und der im Rahmen seiner beruflichen oder gewerblichen T\u00e4tigkeit einen Vertrag mit der Sloep Huren Roermond abschlie\u00dft oder dem die Sloep Huren Roermond ein Angebot macht.<\/p><p>1.5 Schiff: ein Objekt, das dazu bestimmt ist, sich auf dem Wasser aufzuhalten und zu bewegen<\/p><p>Umzug f\u00fcr Sport- oder Freizeitaktivit\u00e4ten, einschlie\u00dflich der dazugeh\u00f6rigen Ausr\u00fcstung und des Inventars.<\/p><p>1.6 Falls zutreffend: Offene Segel- und Motorboote ohne Kaj\u00fctenunterkunft.<\/p><p>1.7 (Miet-)Vertrag oder Abtretung: Unter (Miet-)Vertrag oder Abtretung ist der Vertrag im Sinne von Artikel 7:201 des niederl\u00e4ndischen B\u00fcrgerlichen Gesetzbuches zu verstehen, mit dem sich die Sloep Huren Roermond gegen\u00fcber dem Mieter verpflichtet, ihm ein Boot ohne Besatzung zur Verf\u00fcgung zu stellen.<\/p><p>1.8 Elektronisch: per E-Mail oder Website.<\/p><p>1.9 Inventarliste: Liste der zum Schiff geh\u00f6renden Gegenst\u00e4nde, die vor dem Auslaufen aufgenommen wird.<\/p><p>2.0 Zustandsliste: Liste, in die die Parteien den Zustand des Schiffes, insbesondere etwaige Sch\u00e4den, vor der Abfahrt eintragen.<\/p><p><b>Artikel 2 - Pflichten des Vermieters<\/b><\/p><p>2.1 Zu Beginn der Mietzeit \u00fcbergibt der Vermieter dem Mieter das Schiff. Der Vermieter vergewissert sich, da\u00df sich das Schiff in einem guten Zustand befindet, da\u00df es f\u00fcr den vorgesehenen Zweck verwendet werden kann und da\u00df es mit einer vereinbarten Ausr\u00fcstung versehen ist.<\/p><p>Segelgebiet richtige Sicherheitsausr\u00fcstung.<\/p><p>2.2 Der Vermieter ist verpflichtet, das Schiff im Namen des Mieters gegen Haftpflicht- und Kaskosch\u00e4den bei Fahrten in dem zwischen Vermieter und Mieter vereinbarten Fahrtgebiet zu versichern; die Selbstbeteiligung betr\u00e4gt \u20ac 500,- pro Schadensfall. Sch\u00e4den unterhalb der Wasserlinie sind von der Versicherung ausgeschlossen und werden dem Mieter zum Selbstkostenpreis in Rechnung gestellt. Sch\u00e4den, die der Mieter durch Trunkenheit und\/oder grobe Fahrl\u00e4ssigkeit verursacht hat und die nicht von der Versicherung gedeckt sind, werden dem Mieter zum Selbstkostenpreis in Rechnung gestellt.<\/p><p>2.3 Es wird davon ausgegangen, dass der Vermieter das gemietete Boot in gutem Zustand \u00fcbergeben, es vorbereitet und klare Anweisungen f\u00fcr seine Bedienung gegeben hat.<\/p><p>2.4 Es wird davon ausgegangen, dass der Vermieter die maximal zul\u00e4ssige Anzahl von Personen an Bord pro Schaluppe nicht \u00fcberschreitet. Die Anzahl der Personen an Bord ist definiert als alle auf dem Boot anwesenden Personen einschlie\u00dflich Skipper und jeden Alters, auch Kinder und Babys z\u00e4hlen als volle Personen. Die H\u00f6chstzahl ist in der Beschreibung des jeweiligen Bootes festgelegt und wird bei Abschluss des Mietvertrages nochmals mitgeteilt. Wird eine \u00dcberschreitung der H\u00f6chstzahl festgestellt, berechnen wir zus\u00e4tzlich 75 \u20ac pro Person, unbeschadet der Folgen eines vollst\u00e4ndigen Ausschlusses durch die Versicherungsgesellschaft bei Unf\u00e4llen und Sch\u00e4den. Etwaige Bu\u00dfgelder, die von der Polizei, den staatlichen Wasserbeh\u00f6rden oder anderen Stellen verh\u00e4ngt werden, gehen ebenfalls zu Lasten des Mieters.<\/p><p><b>Artikel 3 - Pflichten des Vermieters<\/b><\/p><p>3.1 Der Mieter ist verpflichtet, das Vorhandensein des Inventars, das in der dem Mieter vom Vermieter zur Verf\u00fcgung gestellten Inventarliste aufgef\u00fchrt ist, und der zum Schiff geh\u00f6renden Sicherheitsausr\u00fcstung f\u00fcr das betreffende Fahrtgebiet zu \u00fcberpr\u00fcfen. Wenn die Ausr\u00fcstung an Bord<\/p><p>Wenn das Inventar nicht mit dem in der Inventarliste aufgef\u00fchrten Inventar \u00fcbereinstimmt oder wenn die Sicherheitsausr\u00fcstung unvollst\u00e4ndig oder defekt ist, muss der Mieter den Vermieter vor der Abfahrt informieren.<\/p><p>3.2 Vor der Abfahrt unterzeichnen die Parteien die Zustandsliste und die Inventarliste zur Genehmigung. Der Vermieter h\u00e4ndigt dem Mieter eine Kopie der unterzeichneten Zustandsliste aus.<\/p><p>3.2.1 Der Mieter hinterlegt im Voraus eine Kaution von 300 \u20ac pro Boot. Wenn der Mieter das Boot am Ende des Mietzeitraums sauber, p\u00fcnktlich, unbesch\u00e4digt und in demselben Zustand zur\u00fcckgibt, in dem er es erhalten hat, wird die Kaution innerhalb von 3 Arbeitstagen auf sein Bankkonto zur\u00fcckerstattet, sobald die Kaution online oder per Debitkarte vor Ort bezahlt wurde. Wird die Kaution am Tag der Anmietung in bar gezahlt, wird sie unmittelbar nach Ablauf der Mietzeit zur\u00fcckerstattet, wenn alle Mietbedingungen erf\u00fcllt sind. Der Vermieter ist berechtigt, die Kaution im Falle von Sch\u00e4den einzubehalten.<\/p><p>3.2.2 Der Mieter muss bei der \u00dcbernahme des Bootes oder der Schaluppe einen g\u00fcltigen Identit\u00e4tsnachweis vorlegen.<\/p><p>3.2.3 Es wird davon ausgegangen, dass der Mieter das gemietete Objekt in gutem Zustand erhalten hat. Der Mieter erkl\u00e4rt, die Allgemeinen Gesch\u00e4ftsbedingungen f\u00fcr die Vermietung von Booten und Schaluppen von \u201cSloep Huren Roermond\u201d zur Kenntnis genommen zu haben.<\/p><p>3.3 Der Mieter ist verpflichtet, das Schiff als guter Verwalter und guter Schiffsf\u00fchrer und in \u00dcbereinstimmung mit dessen Zweck zu benutzen. Der Mieter darf keine Ver\u00e4nderungen an dem Schiff vornehmen. Der Mieter darf das Schiff ohne schriftliche Zustimmung des Vermieters nicht an Dritte zum Gebrauch \u00fcberlassen. Der Mieter erkl\u00e4rt, das gemietete Wasserfahrzeug verantwortungsvoll und ordentlich zu behandeln. Auf die \u00f6ffentliche Ordnung und Sauberkeit wird R\u00fccksicht genommen. Der Mieter ist verpflichtet, w\u00e4hrend des Mietverh\u00e4ltnisses die geltende Gesetzgebung und die gesetzlichen Bestimmungen zur Schifffahrt einzuhalten.<\/p><p>3.3.1 Der Vermieter ist jederzeit berechtigt, die Mietsache bei vermeintlichem Missbrauch ohne R\u00fcckerstattung des Mietpreises sofort zur\u00fcckzunehmen.<\/p><p>3.4 Am Ende der Mietzeit hat der Mieter dem Vermieter das Schiff zum vereinbarten Zeitpunkt und am vereinbarten Ort in demselben Zustand zu \u00fcbergeben, in dem er es erhalten hat.<\/p><p>3.4.1 Das Boot muss sauber und poliert und in demselben Zustand zur\u00fcckgegeben werden, in dem es abgefahren ist. Wenn der Vermieter das Boot selbst reinigen muss, betragen die zus\u00e4tzlichen Kosten 50 \u20ac pro Boot.<\/p><p>3.4.2 Die Kosten, die direkt mit der Nutzung des Schiffes zusammenh\u00e4ngen, wie Hafen-, Br\u00fccken-, Kai- und Liegeplatzgeb\u00fchren, gehen zu Lasten des Mieters. Falls zutreffend: \u00dcberm\u00e4\u00dfiger Kraftstoffverbrauch wird mit 7,50 \u20ac inkl. MwSt. pro Liter berechnet. Wenn der Motor nicht l\u00e4uft, z.B. in anderen H\u00e4fen oder vor Anker, werden keine Motorstunden angerechnet.<\/p><p>3.4.3 Der Mieter ist verpflichtet, dem Vermieter Sch\u00e4den jeglicher Art oder Tatsachen und\/oder Umst\u00e4nde, die vern\u00fcnftigerweise zu Sch\u00e4den f\u00fchren k\u00f6nnten, unverz\u00fcglich per Mobiltelefon mitzuteilen. Der Mieter hat den Anweisungen des Vermieters zur Erhaltung des Schiffes und zur Wahrung der Rechte des Vermieters Folge zu leisten.<\/p><p>3.5 Die Nichteinhaltung der Bestimmungen von Absatz 3.4.3 kann f\u00fcr den Mieter die volle Haftung f\u00fcr Sch\u00e4den und Kosten zur Folge haben.<\/p><p>3.5.1 Es ist strengstens untersagt, dass der Skipper vor oder w\u00e4hrend der Nutzung der Schaluppe unter dem Einfluss von Alkohol, Drogen oder anderen Bet\u00e4ubungsmitteln steht, die die F\u00e4higkeit zur Bedienung der Schaluppe beeintr\u00e4chtigen. Im Falle von Trunkenheit oder Drogeneinfluss wird der Verleih verweigert. Sind mehrere Personen der Besatzung betrunken oder alkoholisiert, lehnen wir die Anmietung ebenfalls ab. Bereits gezahlte Vorsch\u00fcsse werden daher nicht zur\u00fcckerstattet.<\/p><p>3.5.2 Die Verantwortung f\u00fcr die rechtzeitige und korrekte Bereitstellung der schriftlichen Mietbedingungen und Sicherheitsanweisungen, die den Teilnehmern oder Mietern im Voraus erteilt wurden, liegt einzig und allein in der Informationspflicht des Kunden bzw. der Kontaktperson. Im Falle einer Gruppenbuchung ist dies der auf dem Mietvertrag angegebene \u201cGruppenleiter\u201d.<\/p><p>3.5.3 Den Anweisungen des Personals des Unternehmers oder der von ihm benannten Vertreter ist jederzeit Folge zu leisten.<\/p><p>3.5.4 Das Tragen einer Schwimmweste ist nicht vorgeschrieben, wird aber dringend empfohlen.<\/p><p>3.6 Das Rauchen ist an Bord aller Schiffe und in der Vermietstation nicht gestattet.<\/p><p>3.6.1 Die Verwendung von Kochger\u00e4ten, Grills, Heizger\u00e4ten und dergleichen ist an Bord von Schaluppen und Booten nicht gestattet.<\/p><p>3.6.2 Der Mieter mu\u00df Sloep Huren Roermond jederzeit Zugang zu den G\u00fctern gew\u00e4hren.<\/p><p><b>Artikel 4 - Haftung<\/b><\/p><p>Der Mieter haftet f\u00fcr Sch\u00e4den und\/oder Verluste an Boot und\/oder Beiboot, soweit diese nicht durch eine Versicherung gedeckt sind, die w\u00e4hrend der Zeit, in der er das Boot in seinem Besitz hat, verursacht werden. Dies gilt auch f\u00fcr Sch\u00e4den und\/oder Verlust von Inventar und\/oder Boot oder Schaluppe, die nicht von ihm, sondern von einem seiner Mitsegler verursacht wurden. Unter Schaden ist auch ein Folgeschaden zu verstehen.<\/p><p>4.2 Der Mieter haftet in vollem Umfang f\u00fcr die von ihm verursachten (Folge-)Sch\u00e4den, die nicht auf der Grundlage der in Artikel 2.2 genannten Versicherung versichert sind, wenn er das Schiff in einem nicht zwischen ihm und dem Vermieter vereinbarten Fahrtgebiet einsetzt.<\/p><p>4.3 Die Anmietung des Bootes\/der Boote erfolgt auf eigene Gefahr. Der Vermieter haftet nicht f\u00fcr jegliche Form von Schadensersatz und Sachsch\u00e4den oder f\u00fcr Personensch\u00e4den\/Unf\u00e4lle, die w\u00e4hrend der Mietzeit dem Mieter, Dritten und\/oder Eigentum des Mieters zugef\u00fcgt werden. Sofern nicht anders schriftlich oder elektronisch vereinbart, ist es nicht erlaubt, eine Schleuse und alle gesetzlich verbotenen\/gef\u00e4hrlichen Bereiche zu durchfahren. Bei der Durchfahrt durch eine Schleuse und\/oder alle gesetzlich verbotenen\/gef\u00e4hrlichen Bereiche sind weder das Schiff noch seine Insassen versichert.<\/p><p>4.4.1 Der Betreiber muss eine Gew\u00e4sserkarte des Segelreviers zur Verf\u00fcgung stellen, auf der diese Einschr\u00e4nkungen verzeichnet sind.<\/p><p>4.4.2 Diese Karte dient nur zur Orientierung.<\/p><p>4.4.3 Die Abfahrt und die R\u00fcckgabe der Schiffe erfolgt an der Anlegestelle am Mietort in Roermond Voorstad.<\/p><p><b>Artikel 5 - Zahlung, Verzug, Vertragsverletzung<\/b><\/p><p>5.1 Wenn der Vermieter seinen Verpflichtungen aus dem Mietvertrag nicht nachkommt, kann der Mieter den Mietvertrag ohne gerichtliche Intervention als aufgel\u00f6st betrachten. Der Vermieter erstattet dann unverz\u00fcglich alle, h\u00f6chstens aber die bereits gezahlten Betr\u00e4ge ohne Kosten zur\u00fcck. Jegliche Form der Entsch\u00e4digung ist hiermit ausgeschlossen. Das Vorstehende gilt nicht, wenn der Vermieter eine angemessene Alternative anbietet.<\/p><p>5.1.1 Der Vermieter hat das Recht, bei besonders schlechten Witterungsbedingungen ohne Kosten zu stornieren, wenn die Sicherheit des Mieters gef\u00e4hrdet ist. Dies liegt im Ermessen des Vermieters. Der vereinbarte Tag wird dann auf ein anderes Datum verschoben.<\/p><p>5.2. Im Falle einer vorzeitigen R\u00fcckgabe bleibt der volle Mietpreis in Kraft. Wird das Schiff sp\u00e4ter als zum vereinbarten Zeitpunkt am vereinbarten Ort \u00fcbergeben, hat der Vermieter Anspruch auf eine Erh\u00f6hung des Mietpreises auf 60 \u20ac pro Nutzungsstunde sowie auf Ersatz weiterer (Folge-)Sch\u00e4den, es sei denn, die versp\u00e4tete R\u00fcckgabe ist nachweislich nicht dem Mieter zuzurechnen.<\/p><p>5.2.1 Wenn der Mieter das Schiff nicht in demselben Zustand zur\u00fcckgibt, in dem er es erhalten hat, oder wenn er nicht gem\u00e4\u00df Artikel 3.4.4 dieser Bedingungen gehandelt hat, ist der Vermieter berechtigt, das Schiff auf Kosten des Mieters in den Zustand zu versetzen, in dem es sich zu Beginn der Mietzeit befand. Letzteres gilt nicht, wenn diese Kosten durch eine Versicherung gedeckt sind.<\/p><p>5.3.1 Zahlt der Mieter den f\u00e4lligen Mietzins nicht oder kommt er seinen Verpflichtungen aus dem Mietvertrag nicht nach, nachdem der Vermieter ihn schriftlich in Verzug gesetzt hat, so befindet er sich rechtlich gesehen in Verzug. Der Vermieter kann dann den Mietvertrag als beendet betrachten und das Schiff ohne gerichtliches Einschreiten sofort wieder in Besitz nehmen.<\/p><p>5.3.2 Bei Zahlungsverzug des Mieters ist der Vermieter berechtigt, dem Mieter die gesetzlichen Zinsen zuz\u00fcglich 3% pro Jahr auf den geschuldeten Betrag in Rechnung zu stellen. Diese Zinsen werden ab dem F\u00e4lligkeitstag berechnet, wobei ein Teil eines Monats als ganzer Monat gez\u00e4hlt wird. Dies alles gilt unbeschadet der Bestimmungen von Artikel 6 dieser Bedingungen.<\/p><p>5.3.3 Wenn eine der Parteien gezwungen ist, im Zusammenhang mit einem Streit \u00fcber den zwischen ihnen geschlossenen Mietvertrag einen Rechtsbeistand in Anspruch zu nehmen, schuldet die s\u00e4umige Partei oder die abgelehnte Partei (auch) die mit dem Rechtsbeistand verbundenen Kosten. Diese au\u00dfergerichtlichen Inkassokosten belaufen sich auf 15% des Betrages, den eine Partei der anderen schuldet, mit einem Mindestbetrag von 75,00 \u20ac, der um die tats\u00e4chlich entstandenen Auslagen zu erh\u00f6hen ist, es sei denn, die andere Partei macht geltend, dass ein niedrigerer Mindestbetrag ausgereicht h\u00e4tte. Dies alles gilt unbeschadet der Bestimmungen in Artikel 6 dieser Bedingungen.<\/p><p>5.3.4 Eine Reservierung ist nicht endg\u00fcltig, bis der Verbraucher eine E-Mail mit einer Reservierungsbest\u00e4tigung erhalten hat. Reservierungen per E-Mail sind erst nach einer elektronischen E-Mail-Best\u00e4tigung durch den Betreiber endg\u00fcltig. Sie haben keine Best\u00e4tigung erhalten? Wenden Sie sich bitte an den Unternehmer. Wenn bei der Zahlung ein Fehler auftritt, wird das Schiff freigegeben.<\/p><p><b>Artikel 6 - Annullierung, Reklamationen<\/b><\/p><p>6.1 Eine Umbuchung ist einmalig aus beliebigen Gr\u00fcnden zul\u00e4ssig. Sie m\u00fcssen uns mindestens 48 Stunden im Voraus per E-Mail informieren. Sie k\u00f6nnen dann ein anderes verf\u00fcgbares Datum innerhalb der gleichen Segelsaison (bis 1. November) w\u00e4hlen. Sollte es passieren, dass starke Winde oder St\u00fcrme das Segeln zu gef\u00e4hrlich machen, werden wir von unserer Seite aus absagen. Ihre Sicherheit ist das Wichtigste und dann k\u00f6nnen Sie nat\u00fcrlich zu einem anderen Termin wiederkommen.<\/p><p>6.2 Wenn Sie ein Motorboot oder eine Schaluppe reservieren, gehen Sie das Risiko ein, dass am Miettag oder an den Miettagen schlechtes Wetter herrscht. Schlechtes Wetter ist kein Grund f\u00fcr Sloep Huren Roermond, den Mietpreis zu reduzieren oder zu erstatten. Sie k\u00f6nnen das Boot stornieren, aber Sie m\u00fcssen den vollen Mietpreis zahlen. Es kann auch andere Gr\u00fcnde geben, warum Sie das reservierte Boot stornieren m\u00f6chten (Krankheit, Unfall oder sogar Tod in Ihrer unmittelbaren Umgebung). Wir empfehlen Ihnen dringend eine R\u00fccktrittsversicherung. Wenden Sie sich dazu am besten an Ihren Versicherungsagenten.<\/p><p>6.3 Der Mieter kann den Mietvertrag einmal auf einen Dritten \u00fcbertragen. Sloep Huren Roermond muss hiervon jedoch in Kenntnis gesetzt werden, sonst erlischt der Vertrag ohne R\u00fcckerstattung. Die neuen Daten des Dritten m\u00fcssen dann auch \u00fcber info@sloephurenroermond.nl weitergegeben werden.<\/p><p>6.4 Es ist auch m\u00f6glich, den gebuchten Tag einmalig auf ein anderes Datum zu verlegen, allerdings nur auf einen Tag und eine Uhrzeit, die noch verf\u00fcgbar sind.<\/p><p>6.5 Beschwerden \u00fcber die Erf\u00fcllung des Mietvertrags m\u00fcssen dem Vermieter innerhalb von 48 Stunden, nachdem der Mieter die Beschwerde bemerkt hat oder h\u00e4tte bemerken k\u00f6nnen, schriftlich und mit einer angemessenen Beschreibung und Erkl\u00e4rung zur Kenntnis gebracht werden. Die Folgen versp\u00e4teter Reklamationen gehen zu Lasten des Mieters.<\/p><p><b>Artikel 7 - Rechtsstreitigkeiten, anwendbares Recht<\/b><\/p><p>7.1 Auf alle Streitigkeiten im Zusammenhang mit dem Mietvertrag findet niederl\u00e4ndisches Recht Anwendung.<\/p><p>7.2 Der Mieter muss den Streitfall sp\u00e4testens drei Monate nach Einreichung seiner Beschwerde beim Vermieter schriftlich beim Bezirksgericht Roermond einreichen, unter Angabe der Namen und Anschriften des Mieters und des Vermieters sowie einer klaren Beschreibung des Streitfalls und der Forderung.<\/p><p><b>Artikel 8 - Abweichungen und \u00c4nderungen der Bedingungen<\/b><\/p><p>8.1 Individuelle Abweichungen, einschlie\u00dflich Erg\u00e4nzungen oder Erweiterungen, von diesen Allgemeinen Gesch\u00e4ftsbedingungen m\u00fcssen schriftlich festgehalten werden.<\/p><p>8.2 Der Mietpreis und etwaige vom Verbraucher zu zahlende Zusatzkosten sowie die Befugnis zu zwischenzeitlichen Preis\u00e4nderungen sind im Voraus zu vereinbaren.<\/p><p>8.3 \u00c4nderungen von Steuern, Verbrauchsabgaben und \u00e4hnlichen staatlichen Abgaben k\u00f6nnen vom Unternehmer jederzeit weitergegeben werden.<\/p>\t\t\t\t\t\t\t\t<\/div>\n\t\t\t\t\t<\/div>\n\t\t\t\t<\/div>\n\t\t\t\t<\/div>","protected":false},"excerpt":{"rendered":"<p>Artikel 1 Begripdefinities 1.1\u00a0\u00a0Ondernemer: natuurlijke of rechtspersoon Sloep Huren Roermond ingeschreven bij de kamer van koophandel onder nr: 12064064 1.2 Die een overeenkomst sluit betreffende het tegen betaling ter beschikking\u00a0stellen van een vaartuig. 1.3 Consument: natuurlijke persoon (minimaal 21 jaar) die niet handelt in de uitoefening van een beroep of bedrijf en die een overeenkomst [&hellip;]<\/p>\n","protected":false},"author":1,"featured_media":0,"parent":0,"menu_order":0,"comment_status":"closed","ping_status":"closed","template":"","meta":{"_acf_changed":false,"footnotes":""},"class_list":["post-130","page","type-page","status-publish","hentry"],"acf":[],"_links":{"self":[{"href":"https:\/\/sloephurenroermond.nl\/de\/wp-json\/wp\/v2\/pages\/130","targetHints":{"allow":["GET"]}}],"collection":[{"href":"https:\/\/sloephurenroermond.nl\/de\/wp-json\/wp\/v2\/pages"}],"about":[{"href":"https:\/\/sloephurenroermond.nl\/de\/wp-json\/wp\/v2\/types\/page"}],"author":[{"embeddable":true,"href":"https:\/\/sloephurenroermond.nl\/de\/wp-json\/wp\/v2\/users\/1"}],"replies":[{"embeddable":true,"href":"https:\/\/sloephurenroermond.nl\/de\/wp-json\/wp\/v2\/comments?post=130"}],"version-history":[{"count":10,"href":"https:\/\/sloephurenroermond.nl\/de\/wp-json\/wp\/v2\/pages\/130\/revisions"}],"predecessor-version":[{"id":169,"href":"https:\/\/sloephurenroermond.nl\/de\/wp-json\/wp\/v2\/pages\/130\/revisions\/169"}],"wp:attachment":[{"href":"https:\/\/sloephurenroermond.nl\/de\/wp-json\/wp\/v2\/media?parent=130"}],"curies":[{"name":"wp","href":"https:\/\/api.w.org\/{rel}","templated":true}]}}